{"id":263,"date":"2022-11-29T12:27:07","date_gmt":"2022-11-29T12:27:07","guid":{"rendered":"https:\/\/www.q-am.com\/?page_id=263"},"modified":"2022-11-29T12:45:37","modified_gmt":"2022-11-29T12:45:37","slug":"263-2","status":"publish","type":"page","link":"https:\/\/www.q-am.com\/index.php\/263-2\/","title":{"rendered":"AV\u00cdS LEGAL"},"content":{"rendered":"\n<p><strong>AV\u00cdS LEGAL<\/strong><\/p>\n\n\n\n<p>En compliment amb el deure d&#8217; informaci\u00f3 recollit a l&#8217; article 10 de la Llei 34\/2002, d&#8217;11 de Juliol, de<br>Serveis de la Informaci\u00f3 i del Comer\u00e7 Electr\u00f2nic, l&#8217; informem que el lloc web i el portal d&#8217; Internet (en<br>endavant, el \u00abWeb\u00bb) \u00e9s titularitat de Quality Artist Management Produccions SL amb<br>CIF: B-66790775, amb domicili social a C\/ Primer Marqu\u00e8s de Les Franqueses, 146-D, 5\u00e8 2a \u2013 08402 &#8212;<br>Granollers. El present av\u00eds legal regula les condicions d&#8217; \u00fas del citat portal d&#8217; Internet.<br>Llei aplicable i jurisdicci\u00f3<br>Amb car\u00e0cter general les relacions entre Quality Artist Management Produccions SL i els usuaris dels<br>serveis telem\u00e0tics, presents a la Web, es troben sotmeses a la legislaci\u00f3 i jurisdicci\u00f3 espanyoles.<br>Les parts renuncien expressament al fur que els pugui correspondre i sotmeten expressament als<br>Jutjats i Tribunals de Quality Artist Management Produccions SL per resoldre qualsevol controv\u00e8rsia<br>que pugui sorgir en la interpretaci\u00f3 o execuci\u00f3 de les presents condicions contractuals.<br>Acceptaci\u00f3 de l&#8217; usuari<br>Aquest Av\u00eds Legal regula l&#8217; acc\u00e9s i utilitzaci\u00f3 de la p\u00e0gina web que Quality Artist Management<br>Produccions SL posa a la disposici\u00f3 dels usuaris d&#8217; Internet. Es considera usuari a la persona que<br>accedeixi, navegui, utilitzi o participi en els serveis i activitats de la p\u00e0gina web.<br>L&#8217; usuari queda informat, i accepta, que l&#8217; acc\u00e9s a la present web no suposa, de cap manera, l&#8217; inici<br>d&#8217; una relaci\u00f3 comercial amb Quality Artist Management Produccions SL.<br>L&#8217; acc\u00e9s i navegaci\u00f3 al lloc web per part de l&#8217; usuari suposa l&#8217; acceptaci\u00f3 de la totalitat de les presents<br>Condicions d&#8217; \u00das. En cas de desacord amb les condicions ha d&#8217; abstenir-se a usar el lloc web.<\/p>\n\n\n\n<p><strong>Acc\u00e9s a la web<br><\/strong>L&#8217; acc\u00e9s a la p\u00e0gina web per part dels usuaris \u00e9s de car\u00e0cter lliure i gratu\u00eft. Alguns serveis poden trobar-<br>se subjectes a contractaci\u00f3 pr\u00e8via del servei.<br>En cas de ser necessari que l&#8217; usuari aporti dades personals per accedir a algun dels serveis, la recollida<br>i el tractament de les dades es realitzar\u00e0 de conformitat amb la normativa vigent, en concret amb el<br>RGPD. Per m\u00e9s informaci\u00f3, consulti la nostra <strong><a href=\"https:\/\/www.q-am.com\/index.php\/privacy-policy\/?preview_id=3&amp;preview_nonce=a44f2e4012&amp;preview=true\" data-type=\"URL\" data-id=\"https:\/\/www.q-am.com\/index.php\/privacy-policy\/?preview_id=3&amp;preview_nonce=a44f2e4012&amp;preview=true\">pol\u00edtica de privacitat<\/a><\/strong>.<\/p>\n\n\n\n<p><br><strong>Contingut i \u00fas<br><\/strong>La visita al lloc web per part de l&#8217; usuari haur\u00e0 de fer-se de forma responsable i de conformitat a la<br>legalitat vigent, la bona fe, el present Av\u00eds Legal i respectant els drets de propietat intel\u00b7lectual i<br>industrial de titularitat de Quality Artist Management Produccions SL o qualsevol altres persones<br>f\u00edsiques o jur\u00eddiques.<br>L&#8217; \u00fas de qualsevol dels continguts del lloc web amb finalitats que siguin o poguessin ser il\u00b7l\u00edcites queda<br>totalment prohibit, aix\u00ed com la realitzaci\u00f3 de qualsevol acci\u00f3 que causi o pugui causar danys o<br>alteracions de qualsevol mena no consentides per Quality Artist Management Produccions SL, al lloc<br>web o als seus continguts.<br>El titular del web no s&#8217; identifica amb les opinions abocades en el mateix pels seus col\u00b7laboradors.<br>L&#8217; empresa es reserva el dret a efectuar sense previ av\u00eds les modificacions que consideri oportunes en<br>la seva Web, podent canviar, suprimir o afegir tant els continguts i serveis que es presten a trav\u00e9s de la<br>mateixa com la forma en la qual aquests apareguin presentats o localitzats en els seus servidors.<\/p>\n\n\n\n<p><br><strong>Propietat intel\u00b7lectual i industrial<br><\/strong>Els drets de propietat intel\u00b7lectual del contingut de les p\u00e0gines web, el seu disseny gr\u00e0fic i codis s\u00f3n<br>titularitat de Quality Artist Management Produccions SL i, per tant, queda prohibida la seva<br>reproducci\u00f3, distribuci\u00f3, comunicaci\u00f3 p\u00fablica, transformaci\u00f3 o qualsevol altra activitat que es realitzi<br>amb els continguts de la p\u00e0gina web, encara que es citin les fonts, excepte que es compti amb el<br>consentiment previ, expr\u00e9s i per escrit de Quality Artist Management Produccions SL. Tots els noms<br>comercials, marques o signes distintius de qualsevol classe continguts en les p\u00e0gines web de l&#8217; empresa<br>s\u00f3n propietat dels seus amos i estan protegits per llei.<br>Quality Artist Management Produccions SL no concedeix cap llic\u00e8ncia o autoritzaci\u00f3 d&#8217; \u00fas de ninguna<br>classe sobre els seus drets de propietat intel\u00b7lectual i industrial o sobre qualsevol altra propietat o dret<br>relacionat amb el lloc web, i en cap cas s&#8217; entendr\u00e0 que l&#8217; acc\u00e9s i navegaci\u00f3 dels usuaris implica una<br>ren\u00fancia, transmissi\u00f3, llic\u00e8ncia o cessi\u00f3 total ni parcial d&#8217; aquests drets per part de Quality Artist<br>Management Produccions SL.<br>Qualsevol \u00fas d&#8217; aquests continguts no autoritzats pr\u00e8viament per part de Quality Artist Management<br>Produccions SL ser\u00e0 considerat un incompliment greu dels drets de propietat intel\u00b7lectual o industrial i<br>donar\u00e0 lloc a les responsabilitats legalment establertes. Quality Artist Management Produccions SL es<br>reserva el dret d&#8217; exercitar enfront l&#8217; usuari les accions judicials i extrajudicials que corresponguin.<\/p>\n\n\n\n<p><strong>Responsabilitat i garanties<br><\/strong>Quality Artist Management Produccions SL declara que ha adoptat les mesures necess\u00e0ries que, dins<br>de les seves possibilitats i l&#8217; estat de la tecnologia, permeten el correcte funcionament del seu lloc web<br>aix\u00ed com l&#8217; abs\u00e8ncia de virus i components nocius. No obstant aix\u00f2, Quality Artist Management<br>Produccions SL no pot fer-se responsable de les seg\u00fcents situacions que s&#8217; enumeren a t\u00edtol enunciatiu,<br>per\u00f2 no limitatiu:<br>\u00b7 La continu\u00eftat i disponibilitat dels Continguts.<br>\u00b7 L&#8217; abs\u00e8ncia d&#8217; errors en els Continguts ni la correcci\u00f3 de qualsevol defecte que pogu\u00e9s oc\u00f3rrer.<br>\u00b7 L&#8217; abs\u00e8ncia de virus i\/o altres components nocius.<br>\u00b7 Els danys o perjudicis que causi qualsevol persona que vulneri els sistemes de seguretat de<br>Quality Artist Management Produccions SL.<br>\u00b7 L&#8217; \u00fas que els usuaris puguin fer dels continguts inclosos en el web. En conseq\u00fc\u00e8ncia, Quality<br>Artist Management Produccions SL no garanteix que<br>\u00b7 l&#8217; \u00fas que els usuaris puguin fer dels continguts que en el seu cas s&#8217; incloguin en el lloc web<br>s&#8217; ajustin al present av\u00eds legal ni que l&#8217; \u00fas del lloc web es realitzi de forma diligent.<br>\u00b7 L&#8217; \u00fas per menors d&#8217; edat del lloc web o de l&#8217; enviament de les seves dades personals sense el<br>perm\u00eds dels seus tutors, sent els tutors responsables de l&#8217; \u00fas que facin d&#8217; Internet.<br>\u00b7 Els continguts als quals l&#8217; usuari pugui accedir a trav\u00e9s d&#8217; enlla\u00e7os no autoritzats o introdu\u00efts per<br>usuaris mitjan\u00e7ant comentaris o eines similars.<br>\u00b7 La introducci\u00f3 de dades err\u00f2nies per part de l&#8217; usuari o d&#8217; un tercer.<br>Quality Artist Management Produccions SL podr\u00e0 suspendre temporalment i sense previ av\u00eds, l&#8217;<br>accessibilitat al lloc web amb motiu d&#8217; operacions de manteniment, reparaci\u00f3, actualitzaci\u00f3 o millora.<br>No obstant aix\u00f2, sempre que les circumst\u00e0ncies ho permetin, Quality Artist Management Produccions<br>SL comunicar\u00e0 a l&#8217; usuari, amb antelaci\u00f3 suficient, la data prevista per la suspensi\u00f3 dels continguts.<br>Igualment, de conformitat amb els arts. 11 i 16 de la Llei 34\/2002, d&#8217;11 de juliol, de serveis de la<br>societat de la informaci\u00f3 i de comer\u00e7 electr\u00f2nic, Quality Artist Management Produccions SL es<br>compromet a l&#8217; eliminaci\u00f3 o, en el seu cas, el bloqueig dels continguts que poguessin<br>afectar o ser contraris a la legislaci\u00f3 vigent, els drets de tercers o la moral i ordre p\u00fablic.<\/p>\n\n\n\n<p><br><strong>Cookies<\/strong><br>Quality Artist Management Produccions SL utilitza cookies, a l&#8217; efecte d&#8217; optimitzar i personalitzar la<br>seva navegaci\u00f3 pel lloc web. Les cookies s\u00f3n fitxers f\u00edsics d&#8217; informaci\u00f3 que s&#8217; allotgen en el mateix<br>terminal de l&#8217; usuari, la informaci\u00f3 recollida mitjan\u00e7ant les cookies serveix per facilitar la navegaci\u00f3 de l&#8217;<br>usuari pel portal i optimitzar l&#8217; experi\u00e8ncia de navegaci\u00f3. Les dades recopilades mitjan\u00e7ant les cookies<br>poden ser compartides amb els creadors d&#8217; aquestes, per\u00f2 en cap cas la informaci\u00f3 obtinguda per les<br>mateixes ser\u00e0 associada a dades personals ni a dades que poden identificar a l&#8217; usuari.<\/p>\n\n\n\n<p>No obstant aix\u00f2, si l&#8217; usuari no desitja que s&#8217; instal\u00b7lin cookies en el seu disc dur, t\u00e9 la possibilitat de<br>configurar el navegador de tal manera que impedeixi la instal\u00b7laci\u00f3 d&#8217; aquests arxius. Per obtenir m\u00e9s<br>informaci\u00f3 consulti la nostra <strong><a href=\"https:\/\/www.q-am.com\/index.php\/politica-de-cookies-2\/\" data-type=\"URL\" data-id=\"https:\/\/www.q-am.com\/index.php\/politica-de-cookies-2\/\">Pol\u00edtica de Cookies<\/a><\/strong>.<br>Enlla\u00e7os (links)<br>La pres\u00e8ncia d &#8216;enlla\u00e7os (links) a la p\u00e0gina web de Quality Artist Management Produccions SL cap a<br>altres llocs d&#8217; Internet t\u00e9 finalitat merament informativa i en cap cas suposen suggeriment, invitaci\u00f3 o<br>recomanaci\u00f3 sobre aquests. Quality Artist Management Produccions SL no assumir\u00e0 responsabilitat<br>pels continguts d&#8217; un enlla\u00e7 pertanyent a un lloc web ali\u00e8, ni garantir\u00e0 la fiabilitat, exactitud, amplitud,<br>veracitat, validesa i disponibilitat t\u00e8cnica.<br>En el cas de que a altres llocs webs s&#8217; estableixin enlla\u00e7os a la p\u00e0gina web de Quality Artist<br>Management Produccions SL, no s&#8217; entendr\u00e0 que Quality Artist Management Produccions SL ha<br>autoritzat l&#8217; enlla\u00e7 o el contingut del lloc web en el que es cont\u00e9 l&#8217; enlla\u00e7, tampoc es podr\u00e0 incloure a la<br>p\u00e0gina de l&#8217; enlla\u00e7 continguts inapropiats, difamatoris, il\u00b7legals, obscens o il\u00b7l\u00edcits, ni altres continguts<br>que siguin contraris a la legalitat vigent.<br>Quality Artist Management Produccions SL es reserva la possibilitat de contactar amb el propietari del<br>lloc web en el qual s&#8217; estableixi l&#8217; enlla\u00e7 si considera que s&#8217; incompleix la normativa, aix\u00ed com d&#8217; exercitar<br>les corresponents accions judicials i extrajudicials.<br>Modificaci\u00f3 de les condicions<br>Quality Artist Management Produccions SL es reserva expressament el dret a modificar unilateralment,<br>total o parcialment, sense necessitat de previ av\u00eds, el present Av\u00eds Legal. L&#8217; usuari reconeix i accepta<br>que \u00e9s responsabilitat seva revisar peri\u00f2dicament el present Av\u00eds Legal.<\/p>\n\n\n\n<p><\/p>\n\n\n\n<p><\/p>\n","protected":false},"excerpt":{"rendered":"<p>AV\u00cdS LEGAL En compliment amb el deure d&#8217; informaci\u00f3 recollit a l&#8217; article 10 de la Llei 34\/2002, d&#8217;11 de Juliol, deServeis de la Informaci\u00f3 i del Comer\u00e7 Electr\u00f2nic, l&#8217;&#8230;<\/p>\n","protected":false},"author":1,"featured_media":0,"parent":0,"menu_order":0,"comment_status":"closed","ping_status":"closed","template":"","meta":[],"_links":{"self":[{"href":"https:\/\/www.q-am.com\/index.php\/wp-json\/wp\/v2\/pages\/263"}],"collection":[{"href":"https:\/\/www.q-am.com\/index.php\/wp-json\/wp\/v2\/pages"}],"about":[{"href":"https:\/\/www.q-am.com\/index.php\/wp-json\/wp\/v2\/types\/page"}],"author":[{"embeddable":true,"href":"https:\/\/www.q-am.com\/index.php\/wp-json\/wp\/v2\/users\/1"}],"replies":[{"embeddable":true,"href":"https:\/\/www.q-am.com\/index.php\/wp-json\/wp\/v2\/comments?post=263"}],"version-history":[{"count":6,"href":"https:\/\/www.q-am.com\/index.php\/wp-json\/wp\/v2\/pages\/263\/revisions"}],"predecessor-version":[{"id":282,"href":"https:\/\/www.q-am.com\/index.php\/wp-json\/wp\/v2\/pages\/263\/revisions\/282"}],"wp:attachment":[{"href":"https:\/\/www.q-am.com\/index.php\/wp-json\/wp\/v2\/media?parent=263"}],"curies":[{"name":"wp","href":"https:\/\/api.w.org\/{rel}","templated":true}]}}