{"id":267,"date":"2022-11-29T12:30:21","date_gmt":"2022-11-29T12:30:21","guid":{"rendered":"https:\/\/www.q-am.com\/?page_id=267"},"modified":"2022-11-29T12:34:02","modified_gmt":"2022-11-29T12:34:02","slug":"politica-de-cookies-2","status":"publish","type":"page","link":"https:\/\/www.q-am.com\/index.php\/politica-de-cookies-2\/","title":{"rendered":"POL\u00cdTICA DE COOKIES"},"content":{"rendered":"\n<p><strong>POL\u00cdTICA DE COOKIES<\/strong><\/p>\n\n\n\n<p>A trav\u00e9s d&#8217;aquest lloc web no es recullen dades de car\u00e0cter personal dels usuaris<br>sense el seu coneixement, ni se cedeixen a tercers.<br>Amb la finalitat d&#8217;oferir el millor servei i amb l&#8217;objecte de facilitar l&#8217;\u00fas, s&#8217;analitzen el<br>nombre de p\u00e0gines visitades, el nombre de visites, aix\u00ed com l&#8217;activitat dels visitants i la<br>seva freq\u00fc\u00e8ncia d&#8217;utilitzaci\u00f3. A aquests efectes, Quality Artist Management Produccions<br>SL utilitza la informaci\u00f3 estad\u00edstica elaborada pel Prove\u00efdor de Serveis d&#8217;Internet.<br>Quality Artist Management Produccions SL no utilitza cookies per recollir informaci\u00f3<br>dels usuaris, ni registra les adreces IP d&#8217;acc\u00e9s. \u00danicament s&#8217;utilitzen galetes pr\u00f2pies, de<br>sessi\u00f3, amb finalitat t\u00e8cnica (aquelles que permeten a l&#8217;usuari la navegaci\u00f3 a trav\u00e9s del<br>lloc web i la utilitzaci\u00f3 de les diferents opcions i serveis que en ella existeixen).<br>El portal de qu\u00e8 \u00e9s titular Quality Artist Management Produccions SL cont\u00e9 enlla\u00e7os a<br>llocs web de tercers, les pol\u00edtiques de privacitat s\u00f3n alienes a la de Quality Artist<br>Management Produccions SL. A l&#8217;accedir a aquests llocs web vost\u00e8 pot decidir si<br>accepta les seves pol\u00edtiques de privacitat i de cookies. Amb car\u00e0cter general, si navega<br>per internet vost\u00e8 pot acceptar o rebutjar les galetes de tercers des de les opcions de<br>configuraci\u00f3 del seu navegador.<\/p>\n","protected":false},"excerpt":{"rendered":"<p>POL\u00cdTICA DE COOKIES A trav\u00e9s d&#8217;aquest lloc web no es recullen dades de car\u00e0cter personal dels usuarissense el seu coneixement, ni se cedeixen a tercers.Amb la finalitat d&#8217;oferir el millor&#8230;<\/p>\n","protected":false},"author":1,"featured_media":0,"parent":0,"menu_order":0,"comment_status":"closed","ping_status":"closed","template":"","meta":[],"_links":{"self":[{"href":"https:\/\/www.q-am.com\/index.php\/wp-json\/wp\/v2\/pages\/267"}],"collection":[{"href":"https:\/\/www.q-am.com\/index.php\/wp-json\/wp\/v2\/pages"}],"about":[{"href":"https:\/\/www.q-am.com\/index.php\/wp-json\/wp\/v2\/types\/page"}],"author":[{"embeddable":true,"href":"https:\/\/www.q-am.com\/index.php\/wp-json\/wp\/v2\/users\/1"}],"replies":[{"embeddable":true,"href":"https:\/\/www.q-am.com\/index.php\/wp-json\/wp\/v2\/comments?post=267"}],"version-history":[{"count":2,"href":"https:\/\/www.q-am.com\/index.php\/wp-json\/wp\/v2\/pages\/267\/revisions"}],"predecessor-version":[{"id":270,"href":"https:\/\/www.q-am.com\/index.php\/wp-json\/wp\/v2\/pages\/267\/revisions\/270"}],"wp:attachment":[{"href":"https:\/\/www.q-am.com\/index.php\/wp-json\/wp\/v2\/media?parent=267"}],"curies":[{"name":"wp","href":"https:\/\/api.w.org\/{rel}","templated":true}]}}