{"id":283,"date":"2022-11-29T12:52:18","date_gmt":"2022-11-29T12:52:18","guid":{"rendered":"https:\/\/www.q-am.com\/?page_id=283"},"modified":"2022-11-29T12:52:18","modified_gmt":"2022-11-29T12:52:18","slug":"politica-privacitat-page","status":"publish","type":"page","link":"https:\/\/www.q-am.com\/index.php\/politica-privacitat-page\/","title":{"rendered":"POL\u00cdTICA PRIVACITAT PAGE"},"content":{"rendered":"\n<p><strong>Responsable<\/strong><\/p>\n\n\n\n<p>Informaci\u00f3 BASICA sobre Protecci\u00f3 de Dades<br>Responsable Quality Artist Management Produccions SL<\/p>\n\n\n\n<p><strong>Finalitat<\/strong><\/p>\n\n\n\n<p>Prestaci\u00f3 de serveis online<br>Gesti\u00f3 d&#8217; usuaris Web<br>Comunicacions comercials relacionades amb els nostres serveis<\/p>\n\n\n\n<p>Legitimaci\u00f3 Consentiment expr\u00e9s i inter\u00e8s leg\u00edtim<br>Destinataris No es cediran dades personals a tercers, excepte obligaci\u00f3 legal.<br>Drets La possibilitat d&#8217; exercitar els drets d&#8217; accedir, rectificar i suprimir les<br>dades, aix\u00ed com altres drets, com s&#8217; explica a la informaci\u00f3 addicional.<\/p>\n\n\n\n<p><strong>Informaci\u00f3 addicional<\/strong><\/p>\n\n\n\n<p>Pots dirigir les teves comunicacions i exercitar els teus drets mitjan\u00e7ant<br>una petici\u00f3 en el seg\u00fcent correu electr\u00f2nic: <a href=\"mailto:info@q-am.com\">info@q-am.com<\/a> .<\/p>\n\n\n\n<p><strong>Informaci\u00f3 addicional sobre protecci\u00f3 de dades<\/strong><\/p>\n\n\n\n<p>A Quality Artist Management Produccions SL treballem per oferir-te a trav\u00e9s dels nostres productes<br>i serveis la millor experi\u00e8ncia possibles. En alguns casos, \u00e9s necessari recavar la informaci\u00f3 per a<br>aconseguir-ho. Ens importa la teva privacitat i creiem que hem de ser transparents al respecte.<br>Per aix\u00f2, i a efectes del previst al REGLAMENT (UE) 2016\/679 DEL PARLAMENT EUROPEU I DEL<br>CONSELL de 27 d&#8217; abril de 2016 (en endavant, \u00abRGPD\u00bb) relatiu a la protecci\u00f3 de les persones f\u00edsiques<br>en el que respecta al tractament de dades personals i a la lliure circulaci\u00f3 d&#8217; aquestes dades, i la LLEI<\/p>\n\n\n\n<p>34\/2002, d&#8217;11 de juliol, de Serveis de la Societat de la Informaci\u00f3 i de Comer\u00e7 Electr\u00f2nic (en<br>endavant, \u00abLSSI\u00bb, Quality Artist Management Produccions SL informa a l&#8217; usuari que, com<br>responsable del tractament,<br>incorporar\u00e0 les dades de car\u00e0cter personal facilitades pels usuaris en un fitxer automatitzat.<br>El nostre comprom\u00eds comen\u00e7a per explicar-te el seg\u00fcent:<br>\u00b7 Es recullen les teves dades perqu\u00e8 l&#8217; experi\u00e8ncia d&#8217; usuari millori, atenent els teus interessos i<br>necessitats.<br>\u00b7 Som transparents amb relaci\u00f3 a les dades que obtenim sobre tu i la ra\u00f3 per la qual ho fem.<br>\u00b7 La nostra intenci\u00f3 \u00e9s oferir-te la millor experi\u00e8ncia possible. Per aix\u00f2, quan utilitzem la teva<br>informaci\u00f3 personal ho<br>\u00b7 Farem sempre complint la normativa, i quan sigui necessari, sol\u00b7licitarem el teu<br>consentiment.<br>\u00b7 Entenem que les teves dades et pertanyen. Per tant, si decideixes no autoritzar-nos a<br>processar-les pots sol\u00b7licitar<br>\u00b7 Que deixem de tractar-les.<br>\u00b7 La nostra prioritat consisteix a garantir la teva seguretat i tractar les teves dades d&#8217; acord<br>amb la normativa europea.<br>Si desitges obtenir m\u00e9s informaci\u00f3 sobre el tractament de les teves dades, consulta els diferents<br>apartats de la pol\u00edtica de privacitat que es troben a continuaci\u00f3:<br>Qui es El responsable del tractament de les seves dades:<br>El present document constitueix la Pol\u00edtica de privacitat que s&#8217; aplica a totes les dades de car\u00e0cter<br>personal que Quality Artist Management Produccions SL tracta sobre vost\u00e8. A continuaci\u00f3 us informem<br>sobre les dades identificatives del RESPONSABLE del tractament:<br>Responsable: Quality Artist Management Produccions SL<br>CIF: B-66790775<br>Adre\u00e7a Postal: C\/ Primer Marqu\u00e8s de Les Franqueses, 146-D, 5\u00e8 2a \u2013 08402 &#8212; Granollers<br>Tel\u00e8fon de contacte: 627.557.069<br>Correu Electr\u00f2nic: <a href=\"mailto:info@q-am.com\">info@q-am.com<\/a> .<\/p>\n\n\n\n<p><strong>\u00bfQuines dades personals recopilem?<br><\/strong><\/p>\n\n\n\n<p>Les dades personals que l&#8217; usuari pot arribar a proporcionar:<br>\u00b7 Nom, direcci\u00f3 i data de naixement.<br>\u00b7 N\u00famero de tel\u00e8fon i adre\u00e7a de correu electr\u00f2nic.<br>\u00b7 Ubicaci\u00f3.<br>\u00b7 Informaci\u00f3 relativa a pagaments i devolucions.<br>\u00b7 Adre\u00e7a IP, data i hora en la que has accedit als nostres serveis, navegador d&#8217; Internet que<br>utilitzis i dades sobre el sistema operatiu del dispositiu.<br>\u00b7 Qualsevol altra informaci\u00f3 o dades que decideixis compartir amb nosaltres.<br>En alguns casos, \u00e9s obligat\u00f2ria la complementaci\u00f3 del formulari de registre per accedir i gaudir de<br>determinats serveis oferits a la web; aix\u00ed mateix, no facilitar les dades personals sol\u00b7licitades o el no<br>acceptar la present pol\u00edtica de protecci\u00f3 de dades suposa la impossibilitat de subscriure&#8217; s,<br>registrar-se o participar en qualsevol de les promocions en les quals es sol\u00b7licitin dades de car\u00e0cter<br>personal.<\/p>\n\n\n\n<p><br><strong>\u00bfPerqu\u00e8 i per a que tractem les teves dades?<\/strong><\/p>\n\n\n\n<p><strong><br><\/strong>A Quality Artist Management Produccions SL tractem la informaci\u00f3 que ens faciliten les persones<br>interessades amb les seg\u00fcents finalitats:<\/p>\n\n\n\n<p>\u00b7 Gestionar comandes o contractar algun dels nostres serveis.<br>\u00b7 Gestionar l&#8217; enviament de la informaci\u00f3 que ens sol\u00b7licitin.<br>\u00b7 Desenvolupar accions comercials i realitzar el manteniment i gesti\u00f3 de la relaci\u00f3 amb<br>l&#8217; usuari, aix\u00ed com la gesti\u00f3 dels serveis oferits a trav\u00e9s del lloc web i les tasques<br>d&#8217; informaci\u00f3.<br>\u00b7 Desenvolupar i gestionar els concursos, sortejos o altres activitats promocionals que es<br>puguin organitzar.<br>\u00b7 En alguns casos ser\u00e0 necessari facilitar informaci\u00f3 a les Autoritats o terceres empreses per<br>motius d&#8217; auditoria, aix\u00ed com tractar dades personals de factures, contractes i documents per<br>respondre a reclamacions de clients o de les Administracions P\u00fabliques.<br>Informem que les dades personals que s&#8217; obtinguin com a conseq\u00fc\u00e8ncia del teu registre com a<br>usuari formaran part del Registre d&#8217; Activitats i operacions de Tractament (RAT), que s&#8217; actualitzar\u00e0<br>peri\u00f2dicament d&#8217; acord amb l&#8217; establert al RGPD.<br>\u00bfQuina \u00e9s la legitimaci\u00f3 pel tractament de les teves dades?<br>El tractament de les teves dades pot fonamentar-se en les seg\u00fcents bases legals:<br>\u00b7 Consentiment de l&#8217; interessat per a la contractaci\u00f3 de serveis i productes, pels formularis de<br>contacte, les sol\u00b7licituds d&#8217; informaci\u00f3 o alta a e-newsletters.<br>\u00b7 Inter\u00e8s leg\u00edtim pel tractament de dades dels nostres clients en accions de m\u00e0rketing directe i<br>consentiment expr\u00e9s de l&#8217; interessat per tot el relatiu a les valoracions autom\u00e0tiques i<br>elaboraci\u00f3 de perfils.<br>\u00b7 Compliment d&#8217; obligacions legals per prevenci\u00f3 del frau, comunicaci\u00f3 amb Autoritats<br>p\u00fabliques i reclamacions de tercers.<\/p>\n\n\n\n<p><br><strong>\u00bfQuant temps conservem les teves dades?<\/strong><\/p>\n\n\n\n<p><strong><br><\/strong>El tractament de les dades amb les finalitats descrites es mantindr\u00e0 durant el temps necessari per<br>complir amb la finalitat de la seva recollida (per exemple, mentre duri la relaci\u00f3 comercial), aix\u00ed com<br>pel compliment de les obligacions legals que es derivin del tractament de les dades.<br>\u00bfA quins destinataris es comuniquen les teves dades?<br>En alguns casos, nom\u00e9s quan sigui necessari, Quality Artist Management Produccions SL<br>proporcionar\u00e0 dades dels usuaris a tercers. No obstant aix\u00f2, mai es vendran les dades a tercers. Els<br>prove\u00efdors de serveis externs (per exemple, prove\u00efdors de pagament o empreses de repartiment<br>amb els que Quality Artist Management Produccions SL treballi poden utilitzar les dades per<br>proporcionar els serveis corresponents, sens perjudici d&#8217; aix\u00f2, no utilitzaran la informaci\u00f3 per<br>finalitats pr\u00f2pies o per cessi\u00f3 a tercers.<br>Quality Artist Management Produccions SL procura garantir la seguretat de les dades personals<br>quan s&#8217; envien fora de l&#8217; empresa i s&#8217; assegura que els tercers prove\u00efdors del servei respecten la<br>confidencialitat i compten amb les mesures adequades per protegir les dades personals. Aquests<br>tercers tenen l&#8217; obligaci\u00f3 de garantir que la informaci\u00f3 es tracta conforme amb la normativa de<br>privacitat de dades.<br>En alguns casos, la llei pot exigir que es revelin dades personals a organismes p\u00fablics o altres parts,<br>nom\u00e9s es revelar\u00e0 el estrictament necessari per al compliment d&#8217; aquestes obligacions legals.<br>Les dades personals obtingudes tamb\u00e9 podran ser compartides amb altres empreses del grup.<\/p>\n\n\n\n<p><br><strong>\u00bfOn s&#8217; emmagatzemen les teves dades?<\/strong><\/p>\n\n\n\n<p>Amb car\u00e0cter general, les dades s&#8217; emmagatzem dins de la UE. Les dades que s&#8217; envien a tercers que<br>no pertanyen a la UE, ens assegurarem que ofereixin un nivell de protecci\u00f3 suficient, ja sigui per que<br>compten amb Normes Corporatives Vinculants (BCR) o perqu\u00e8 s&#8217; hagin adherit al \u201cPrivacy Shield\u201d.<br>\u00bfQuins drets t&#8217; assisteixen i com pots exercir-los?<br>Pots dirigir les teves comunicacions i exercir els teus drets mitjan\u00e7ant una petici\u00f3 en el seg\u00fcent<br>correu electr\u00f2nic: MAIL DE LA EMPRESA .<br>En virtut del que estableix l&#8217; RGPD pots sol\u00b7licitar:<br>\u00b7 Dret d&#8217; acc\u00e9s: pots demanar informaci\u00f3 d&#8217; aquelles dades personals que disposem sobre tu.<br>\u00b7 Dret de rectificaci\u00f3: pots comunicar qualsevol canvi en les teves dades personals.<br>\u00b7 Dret de supressi\u00f3 i a l&#8217; oblit: pots sol\u00b7licitar l&#8217; eliminaci\u00f3 previ bloqueig de les dades<br>personals.<br>\u00b7 Dret de limitaci\u00f3 al tractament: suposa la restricci\u00f3 del tractament de les dades personals.<br>\u00b7 Dret d&#8217; oposici\u00f3: pots retirar el consentiment del tractament de les dades, oposa&#8217;n-te al fet<br>que se segueixin tractant.<br>\u00b7 Dret a la portabilitat: en alguns casos, pots demanar una c\u00f2pia de les dades personals en un<br>format estructurat, d&#8217; \u00fas com\u00fa i lectura mec\u00e0nica per la seva transmissi\u00f3 a un altre<br>responsable.<br>\u00b7 Dret a no ser objecte de decisions individualitzades: pots sol\u00b7licitar que no es prenguin<br>decisions que es basin \u00fanicament en el tractament automatitzant, incloent-hi l&#8217; elaboraci\u00f3 de<br>perfils, que produeixi efectes jur\u00eddics o afecti significativament a l&#8217; interessat.<br>En alguns casos, es podr\u00e0 rebutjar la sol\u00b7licitud si sol\u00b7licites que s&#8217; eliminin dades necess\u00e0ries per al<br>compliment d&#8217; obligacions legals.<br>Aix\u00ed mateix, si tens alguna queixa sobre el tractament de les dades pots presentar una reclamaci\u00f3 de<br>l&#8217; autoritat de protecci\u00f3 de dades.<\/p>\n\n\n\n<p><br><strong>\u00bfQui \u00e9s el responsable de l&#8217; exactitut i veracitat de les dades facilitades?<br><\/strong><\/p>\n\n\n\n<p>L&#8217; usuari \u00e9s l&#8217; \u00fanic responsable de la veracitat i correcci\u00f3 de les dades incloses, exonerant a Quality<br>Artist Management Produccions SL de qualsevol responsabilitat al respecte. Els usuaris garanteixen<br>i responen, en qualsevol cas, de l&#8217; exactitut, vig\u00e8ncia i autenticitat de les dades personals facilitades,<br>i es comprometen a mantenir-les degudament actualitzades. L&#8217; usuari accepta proporcionar<br>informaci\u00f3 completa i correcta en el formulari de registre o subscripci\u00f3. Quality Artist Management<br>Produccions SL es reserva el dret de finalitzar els serveis contractats que s&#8217; haguessin celebrat amb<br>els usuaris, en cas que les dades que hagi facilitat siguin falses, incompletes inexactes o no estiguin<br>actualitzades.<br>Quality Artist Management Produccions SL no respon de la veracitat de les informacions que no<br>siguin d&#8217; elaboraci\u00f3 pr\u00f2pia i de les que s&#8217; indiqui altra font, per la qual cosa tampoc assumeix cap<br>responsabilitat pel que fa a hipot\u00e8tics perjudicis que poguessin originar-se per l&#8217; \u00fas d&#8217; aquesta<br>informaci\u00f3.<br>Quality Artist Management Produccions SL es reserva el dret a actualitzar, modificar o eliminar la<br>informaci\u00f3 continguda en les seves p\u00e0gines web podent incl\u00fas limitar o no permetre l&#8217; acc\u00e9s a<br>aquesta informaci\u00f3. S&#8217; exonera a Quality Artist Management Produccions SL de responsabilitat<br>enfront a qualsevol dany o perjudici que pogu\u00e9s sofrir l&#8217; usuari com a conseq\u00fc\u00e8ncia d&#8217; errors,<br>defectes o omissions, en la informaci\u00f3 facilitada per Quality Artist Management Produccions SL<br>sempre que procedeixi de fonts alienes a aquesta.<\/p>\n\n\n\n<p>Aix\u00ed mateix, l&#8217; usuari certifica que \u00e9s m\u00e9s gran de 14 anys i que posseeix la capacitat legal necess\u00e0ria<br>per la prestaci\u00f3 del consentiment respecte al tractament de les seves dades de car\u00e0cter personal.<br>\u00bfCom tractem les dades personals dels menors d&#8217; edat?<br>En principi els nostres serveis no van dirigits espec\u00edficament a menors d&#8217; edat. No obstant aix\u00f2, en el<br>cas que algun d&#8217; ells es dirigeixi a menors de catorze anys, de conformitat amb l&#8217; article 8 del RGPD i<br>l&#8217; article 7 de la LO 3\/2018, de 5 de desembre (LOPDGDD), Quality Artist Management Produccions<br>SL exigir\u00e0 el consentiment v\u00e0lid, lliure, inequ\u00edvoc, espec\u00edfic i informat dels tutors legals per tractar<br>les dades personals dels menors. En aquest cas, s&#8217; exigir\u00e0 el DNI o altra forma d&#8217; identificaci\u00f3 de qui<br>presti el<br>consentiment.<br>En el cas de majors de catorze anys podr\u00e0 procedir-se al tractament de les dades amb el<br>consentiment de l&#8217; usuari, exceptuant aquells casos en els quals la Llei exigeixi l&#8217; assist\u00e8ncia dels<br>titulars de la p\u00e0tria potestat o tutela.<\/p>\n\n\n\n<p><br><strong>\u00bfQuines mesures de seguretat apliquem per protegir les teves dades personals?<\/strong><\/p>\n\n\n\n<p><br>Quality Artist Management Produccions SL ha adoptat els nivells de seguretat de protecci\u00f3 de les<br>dades personals legalment requerides, i procura instal\u00b7lar aquells altres mitjans i mesures t\u00e8cniques<br>addicionals al seu abast per evitar la p\u00e8rdua, mal \u00fas, alteraci\u00f3, acc\u00e9s no autoritzat i robament de les<br>dades personals facilitades a Quality Artist Management Produccions SL.<br>Quality Artist Management Produccions SL no \u00e9s responsable d&#8217; hipot\u00e8tics danys o perjudicis que es<br>poguessin derivar d&#8217; interfer\u00e8ncies, omissions, interrupcions, virus inform\u00e0tics, avaries telef\u00f2niques<br>o desconnexions en el funcionament operatiu d&#8217; aquest sistema electr\u00f2nic, motivades per causes<br>alienes a Quality Artist Management Produccions SL; de retards o bloquejos en l&#8217; \u00fas del present<br>sistema electr\u00f2nic causats per defici\u00e8ncies o sobrec\u00e0rregues de l\u00ednies telef\u00f2niques o sobrec\u00e0rregues<br>en el Centre de Processos de Dades, en el sistema d&#8217; Internet o en altres sistemes electr\u00f2nics, aix\u00ed<br>com de danys que puguin ser causats per terceres persones mitjan\u00e7ant intromissions il\u00b7leg\u00edtimes<br>fora del control de Quality Artist Management Produccions SL. Aix\u00f2 no obstant, l&#8217; usuari ha de ser<br>conscient que les mesures de seguretat a Internet no s\u00f3n inexpugnables.<br>Enlla\u00e7os a altres llocs web<br>En el lloc web Quality Artist Management Produccions SL pot haver-hi enlla\u00e7os a altres p\u00e0gines<br>web. Al clicar en un d&#8217; aquests enlla\u00e7os i accedir a un lloc web extern, la visita estar\u00e0 subjecta a la<br>pol\u00edtica de privacitat d&#8217; aquell lloc web, quedant Quality Artist Management Produccions SL<br>desvinculada de qualsevol classe de responsabilitat sobre la seva pol\u00edtica de privacitat.<\/p>\n\n\n\n<p><br><strong>\u00bfCom utilitzem les cookies?<\/strong><\/p>\n\n\n\n<p><strong><br><\/strong>El lloc web de Quality Artist Management Produccions SL utilitza cookies, als efectes d&#8217; optimitzar i<br>personalitzar la seva navegaci\u00f3 pel mateix.<br>Les cookies s\u00f3n fitxers f\u00edsics d&#8217; informaci\u00f3 que s&#8217; allotgen en el terminal de l&#8217; usuari, la informaci\u00f3<br>recollida mitjan\u00e7ant les cookies serveix per facilitar la navegaci\u00f3 de l&#8217; usuari pel portal i optimitzar<br>l&#8217; experi\u00e8ncia de navegaci\u00f3. Les dades<br>recopilades mitjan\u00e7ant les cookies poden ser compartides amb els creadors d&#8217; aquestes, per\u00f2 en cap<br>cas la informaci\u00f3 obtinguda per les mateixes ser\u00e0 associada a dades personals ni a dades que puguin<br>identificar a l&#8217; usuari.<\/p>\n\n\n\n<p>No obstant aix\u00f2, si l&#8217; usuari no desitja que s&#8217; instal\u00b7lin cookies en el seu disc dur, t\u00e9 la possibilitat de<br>configurar el navegador de tal manera que impedeixi la instal\u00b7laci\u00f3 d&#8217; aquests arxius. Per obtenir<br>m\u00e9s informaci\u00f3 consulti la nostra <strong><a href=\"https:\/\/www.q-am.com\/index.php\/politica-de-cookies-2\/\" data-type=\"URL\" data-id=\"https:\/\/www.q-am.com\/index.php\/politica-de-cookies-2\/\">Pol\u00edtica de Cookies<\/a><\/strong>.<br>\u00bfPot modificar-se la pol\u00edtica de privacitat?<br>Aquesta pol\u00edtica de privacitat pot modificar-se. Et recomanem que revisis la pol\u00edtica de privacitat<br>amb certa periodicitat.<\/p>\n","protected":false},"excerpt":{"rendered":"<p>Responsable Informaci\u00f3 BASICA sobre Protecci\u00f3 de DadesResponsable Quality Artist Management Produccions SL Finalitat Prestaci\u00f3 de serveis onlineGesti\u00f3 d&#8217; usuaris WebComunicacions comercials relacionades amb els nostres serveis Legitimaci\u00f3 Consentiment expr\u00e9s i&#8230;<\/p>\n","protected":false},"author":1,"featured_media":0,"parent":0,"menu_order":0,"comment_status":"closed","ping_status":"closed","template":"","meta":[],"_links":{"self":[{"href":"https:\/\/www.q-am.com\/index.php\/wp-json\/wp\/v2\/pages\/283"}],"collection":[{"href":"https:\/\/www.q-am.com\/index.php\/wp-json\/wp\/v2\/pages"}],"about":[{"href":"https:\/\/www.q-am.com\/index.php\/wp-json\/wp\/v2\/types\/page"}],"author":[{"embeddable":true,"href":"https:\/\/www.q-am.com\/index.php\/wp-json\/wp\/v2\/users\/1"}],"replies":[{"embeddable":true,"href":"https:\/\/www.q-am.com\/index.php\/wp-json\/wp\/v2\/comments?post=283"}],"version-history":[{"count":2,"href":"https:\/\/www.q-am.com\/index.php\/wp-json\/wp\/v2\/pages\/283\/revisions"}],"predecessor-version":[{"id":285,"href":"https:\/\/www.q-am.com\/index.php\/wp-json\/wp\/v2\/pages\/283\/revisions\/285"}],"wp:attachment":[{"href":"https:\/\/www.q-am.com\/index.php\/wp-json\/wp\/v2\/media?parent=283"}],"curies":[{"name":"wp","href":"https:\/\/api.w.org\/{rel}","templated":true}]}}